{"id":55,"date":"2015-07-28T14:18:55","date_gmt":"2015-07-28T12:18:55","guid":{"rendered":"http:\/\/frankeschenfelder.de\/USA\/?page_id=55"},"modified":"2015-08-29T11:06:53","modified_gmt":"2015-08-29T09:06:53","slug":"tour","status":"publish","type":"page","link":"https:\/\/reisen.frankeschenfelder.de\/index.php\/tour\/","title":{"rendered":"Unsere Stationen in der USA"},"content":{"rendered":"<p>Unsere Tour startet am 04.09. in Frankfurt am Main. Von dort geht es mit dem Airbus A380 \u00fcber den gro\u00dfen Teich nach New York. Hier bleiben wir erstmal 6 Tage und erkunden die Stadt. Hier gibts sicher einiges zu entdecken und am Ende haben wir doch nicht alles gesehen.<\/p>\n<p>Am 09.09.2015 geht es von New York mit einem Inlandsflug weiter nach San Fransisco. Nach einem viert\u00e4gigen Aufenthalt starten wir von dort unsere Mietwagentour durch den Westen der USA. Unter anderem machen wir an folgenden Stationen Halt (Nur die Wichtigsten aufgez\u00e4hlt).<\/p>\n<ul>\n<li>15.09.2015 &#8211; Los Angeles<\/li>\n<li>19.09.2015 &#8211; Grand Canyon<\/li>\n<li>20.09.2015 &#8211; Las Vegas<\/li>\n<li>22.09.2015 &#8211; Death Valley<\/li>\n<li>23.09.2015 &#8211; Yosemite Nationalpark<\/li>\n<li>25.09.2015 zur\u00fcck nach San Francisco. \u2013 R\u00fcckflug am 26.09.2015<\/li>\n<\/ul>\n<p>Wir legen auf der Route knapp 3.000 Kilometer zur\u00fcck &#8211; exklusive m\u00f6gliche Abstecher f\u00fcr sehenswerte Attraktionen auf der Route. Auf unten stehender Karte ist die Reiseroute zu sehen (Die Karte ist zoombar).<\/p>\n<p>&nbsp;<\/p>\n<p>[travelroute height=&#8221;350&#8243; width=&#8221;500&#8243; maptype=&#8221;roadmap&#8221; maptypecontrol=&#8221;false&#8221; zoomcontrol=&#8221;false&#8221;]<\/p>\n","protected":false},"excerpt":{"rendered":"<p>Unsere Tour startet am 04.09. in Frankfurt am Main. Von dort geht es mit dem Airbus A380 \u00fcber den gro\u00dfen Teich nach New York. Hier bleiben wir erstmal 6 Tage und erkunden die Stadt. Hier gibts sicher einiges zu entdecken und am Ende haben wir doch nicht alles gesehen. Am 09.09.2015 geht es von New &hellip; <\/p>\n<p class=\"link-more\"><a href=\"https:\/\/reisen.frankeschenfelder.de\/index.php\/tour\/\" class=\"more-link\"><span class=\"screen-reader-text\">\u201eUnsere Stationen in der USA\u201c<\/span> weiterlesen<\/a><\/p>\n","protected":false},"author":1,"featured_media":0,"parent":0,"menu_order":0,"comment_status":"open","ping_status":"open","template":"","meta":[],"_links":{"self":[{"href":"https:\/\/reisen.frankeschenfelder.de\/index.php\/wp-json\/wp\/v2\/pages\/55"}],"collection":[{"href":"https:\/\/reisen.frankeschenfelder.de\/index.php\/wp-json\/wp\/v2\/pages"}],"about":[{"href":"https:\/\/reisen.frankeschenfelder.de\/index.php\/wp-json\/wp\/v2\/types\/page"}],"author":[{"embeddable":true,"href":"https:\/\/reisen.frankeschenfelder.de\/index.php\/wp-json\/wp\/v2\/users\/1"}],"replies":[{"embeddable":true,"href":"https:\/\/reisen.frankeschenfelder.de\/index.php\/wp-json\/wp\/v2\/comments?post=55"}],"version-history":[{"count":43,"href":"https:\/\/reisen.frankeschenfelder.de\/index.php\/wp-json\/wp\/v2\/pages\/55\/revisions"}],"predecessor-version":[{"id":158,"href":"https:\/\/reisen.frankeschenfelder.de\/index.php\/wp-json\/wp\/v2\/pages\/55\/revisions\/158"}],"wp:attachment":[{"href":"https:\/\/reisen.frankeschenfelder.de\/index.php\/wp-json\/wp\/v2\/media?parent=55"}],"curies":[{"name":"wp","href":"https:\/\/api.w.org\/{rel}","templated":true}]}}