{"id":1166,"date":"2017-01-27T12:14:01","date_gmt":"2017-01-27T10:14:01","guid":{"rendered":"http:\/\/frankeschenfelder.de\/USA\/?page_id=1166"},"modified":"2017-01-27T12:14:01","modified_gmt":"2017-01-27T10:14:01","slug":"reiseplan-florida","status":"publish","type":"page","link":"https:\/\/reisen.frankeschenfelder.de\/index.php\/reiseplan-florida\/","title":{"rendered":"Reiseplan Florida"},"content":{"rendered":"<p>Wir tun es wieder. Unsere diesj\u00e4hriges Ziel in der USA ist Florida. Am 20.04.2017 geht&#8217;s los nach Miami. Von dort aus f\u00fchrt uns die Reise gut 14 Tagen an verschiedene Orte in Florida. Anschlie\u00dfend fliegen wir nochmal f\u00fcr eine Woche auf die Bahamas zum Ausspannen, bevor es am 10.05.2017 wieder zur\u00fcck nach Deutschland geht.<\/p>\n<p>Hier unsere Stationen auf unserer Reise<\/p>\n<p>20.04.2017 &#8211; Miami<br \/>\n23.04.2017 &#8211; Key West<br \/>\n24.04.2017 &#8211; Everglades<br \/>\n25.04.2017 &#8211; Naples<br \/>\n26.04.2017 &#8211; St. Petersburg Beach<br \/>\n29.04.2017 &#8211; Orlando<br \/>\n03.05.2017 &#8211; Cape Canaveral (Kennedy Space Center)<br \/>\n04.05.2017 &#8211; Fort Lauderdale<br \/>\n06.05.2017 &#8211; Freeport Bahamas<br \/>\n10.05.2017 &#8211; R\u00fcckflug Frankfurt<\/p>\n<p><a href=\"https:\/\/frankeschenfelder.de\/reisen\/wp-content\/uploads\/2017\/01\/Tour_Miami_Florida_Bahamas.jpg\"><img decoding=\"async\" loading=\"lazy\" class=\"alignnone size-full wp-image-1172\" src=\"https:\/\/frankeschenfelder.de\/reisen\/wp-content\/uploads\/2017\/01\/Tour_Miami_Florida_Bahamas.jpg\" alt=\"\" width=\"747\" height=\"747\" srcset=\"https:\/\/reisen.frankeschenfelder.de\/wp-content\/uploads\/2017\/01\/Tour_Miami_Florida_Bahamas.jpg 747w, https:\/\/reisen.frankeschenfelder.de\/wp-content\/uploads\/2017\/01\/Tour_Miami_Florida_Bahamas-150x150.jpg 150w, https:\/\/reisen.frankeschenfelder.de\/wp-content\/uploads\/2017\/01\/Tour_Miami_Florida_Bahamas-300x300.jpg 300w, https:\/\/reisen.frankeschenfelder.de\/wp-content\/uploads\/2017\/01\/Tour_Miami_Florida_Bahamas-230x230.jpg 230w\" sizes=\"(max-width: 706px) 89vw, (max-width: 767px) 82vw, 740px\" \/><\/a><\/p>\n<p>&nbsp;<\/p>\n<p>&nbsp;<\/p>\n<p>&nbsp;<\/p>\n","protected":false},"excerpt":{"rendered":"<p>Wir tun es wieder. Unsere diesj\u00e4hriges Ziel in der USA ist Florida. Am 20.04.2017 geht&#8217;s los nach Miami. Von dort aus f\u00fchrt uns die Reise gut 14 Tagen an verschiedene Orte in Florida. Anschlie\u00dfend fliegen wir nochmal f\u00fcr eine Woche auf die Bahamas zum Ausspannen, bevor es am 10.05.2017 wieder zur\u00fcck nach Deutschland geht. Hier &hellip; <\/p>\n<p class=\"link-more\"><a href=\"https:\/\/reisen.frankeschenfelder.de\/index.php\/reiseplan-florida\/\" class=\"more-link\"><span class=\"screen-reader-text\">\u201eReiseplan Florida\u201c<\/span> weiterlesen<\/a><\/p>\n","protected":false},"author":1,"featured_media":0,"parent":0,"menu_order":0,"comment_status":"closed","ping_status":"closed","template":"","meta":[],"_links":{"self":[{"href":"https:\/\/reisen.frankeschenfelder.de\/index.php\/wp-json\/wp\/v2\/pages\/1166"}],"collection":[{"href":"https:\/\/reisen.frankeschenfelder.de\/index.php\/wp-json\/wp\/v2\/pages"}],"about":[{"href":"https:\/\/reisen.frankeschenfelder.de\/index.php\/wp-json\/wp\/v2\/types\/page"}],"author":[{"embeddable":true,"href":"https:\/\/reisen.frankeschenfelder.de\/index.php\/wp-json\/wp\/v2\/users\/1"}],"replies":[{"embeddable":true,"href":"https:\/\/reisen.frankeschenfelder.de\/index.php\/wp-json\/wp\/v2\/comments?post=1166"}],"version-history":[{"count":3,"href":"https:\/\/reisen.frankeschenfelder.de\/index.php\/wp-json\/wp\/v2\/pages\/1166\/revisions"}],"predecessor-version":[{"id":1173,"href":"https:\/\/reisen.frankeschenfelder.de\/index.php\/wp-json\/wp\/v2\/pages\/1166\/revisions\/1173"}],"wp:attachment":[{"href":"https:\/\/reisen.frankeschenfelder.de\/index.php\/wp-json\/wp\/v2\/media?parent=1166"}],"curies":[{"name":"wp","href":"https:\/\/api.w.org\/{rel}","templated":true}]}}